{"id":987,"date":"2021-05-01T17:24:00","date_gmt":"2021-05-01T17:24:00","guid":{"rendered":"https:\/\/iranianrayka.ir\/?page_id=987"},"modified":"2021-05-07T17:35:30","modified_gmt":"2021-05-07T17:35:30","slug":"blog-5","status":"publish","type":"page","link":"https:\/\/iranianrayka.ir\/?page_id=987&lang=fr","title":{"rendered":"Blog 5"},"content":{"rendered":"\t\t<div data-elementor-type=\"wp-page\" data-elementor-id=\"987\" class=\"elementor elementor-987\" data-elementor-settings=\"[]\">\n\t\t\t\t\t\t<div class=\"elementor-inner\">\n\t\t\t\t\t\t\t<div class=\"elementor-section-wrap\">\n\t\t\t\t\t\t\t<section class=\"elementor-section elementor-top-section elementor-element elementor-element-e075231 elementor-section-boxed elementor-section-height-default elementor-section-height-default\" data-id=\"e075231\" data-element_type=\"section\">\n\t\t\t\t\t\t<div class=\"elementor-container elementor-column-gap-default\">\n\t\t\t\t\t\t\t<div class=\"elementor-row\">\n\t\t\t\t\t<div class=\"elementor-column elementor-col-100 elementor-top-column elementor-element elementor-element-a8ca409\" data-id=\"a8ca409\" data-element_type=\"column\">\n\t\t\t<div class=\"elementor-column-wrap elementor-element-populated\">\n\t\t\t\t\t\t\t<div class=\"elementor-widget-wrap\">\n\t\t\t\t\t\t<div class=\"elementor-element elementor-element-c3aa009 elementor-widget elementor-widget-text-editor\" data-id=\"c3aa009\" data-element_type=\"widget\" data-widget_type=\"text-editor.default\">\n\t\t\t\t<div class=\"elementor-widget-container\">\n\t\t\t\t\t\t\t\t<div class=\"elementor-text-editor elementor-clearfix\">\n\t\t\t\t\t<h1 id=\"tw-target-text\" class=\"tw-data-text tw-text-large XcVN5d tw-ta\" dir=\"ltr\" data-placeholder=\"Translation\"><span class=\"Y2IQFc\" lang=\"fr\">8 fa\u00e7ons de cuisiner avec des champignons pour vos enfants<\/span><\/h1>\t\t\t\t\t<\/div>\n\t\t\t\t\t\t<\/div>\n\t\t\t\t<\/div>\n\t\t\t\t\t\t<\/div>\n\t\t\t\t\t<\/div>\n\t\t<\/div>\n\t\t\t\t\t\t\t\t<\/div>\n\t\t\t\t\t<\/div>\n\t\t<\/section>\n\t\t\t\t<section class=\"elementor-section elementor-top-section elementor-element elementor-element-22026ab elementor-section-boxed elementor-section-height-default elementor-section-height-default\" data-id=\"22026ab\" data-element_type=\"section\">\n\t\t\t\t\t\t<div class=\"elementor-container elementor-column-gap-default\">\n\t\t\t\t\t\t\t<div class=\"elementor-row\">\n\t\t\t\t\t<div class=\"elementor-column elementor-col-100 elementor-top-column elementor-element elementor-element-5381e88\" data-id=\"5381e88\" data-element_type=\"column\">\n\t\t\t<div class=\"elementor-column-wrap elementor-element-populated\">\n\t\t\t\t\t\t\t<div class=\"elementor-widget-wrap\">\n\t\t\t\t\t\t<div class=\"elementor-element elementor-element-25aae89 elementor-widget elementor-widget-image\" data-id=\"25aae89\" data-element_type=\"widget\" data-widget_type=\"image.default\">\n\t\t\t\t<div class=\"elementor-widget-container\">\n\t\t\t\t\t\t\t\t<div class=\"elementor-image\">\n\t\t\t\t\t\t\t\t\t\t\t\t<img loading=\"lazy\" decoding=\"async\" width=\"768\" height=\"513\" src=\"https:\/\/iranianrayka.ir\/wp-content\/uploads\/2021\/05\/MushroomPizza_Blog_1_1200x800-compressor-768x513.jpeg\" class=\"attachment-medium_large size-medium_large\" alt=\"\" srcset=\"https:\/\/iranianrayka.ir\/wp-content\/uploads\/2021\/05\/MushroomPizza_Blog_1_1200x800-compressor-768x513.jpeg 768w, https:\/\/iranianrayka.ir\/wp-content\/uploads\/2021\/05\/MushroomPizza_Blog_1_1200x800-compressor-300x200.jpeg 300w, https:\/\/iranianrayka.ir\/wp-content\/uploads\/2021\/05\/MushroomPizza_Blog_1_1200x800-compressor-1024x684.jpeg 1024w, https:\/\/iranianrayka.ir\/wp-content\/uploads\/2021\/05\/MushroomPizza_Blog_1_1200x800-compressor-16x12.jpeg 16w, https:\/\/iranianrayka.ir\/wp-content\/uploads\/2021\/05\/MushroomPizza_Blog_1_1200x800-compressor-150x100.jpeg 150w, https:\/\/iranianrayka.ir\/wp-content\/uploads\/2021\/05\/MushroomPizza_Blog_1_1200x800-compressor-80x53.jpeg 80w, https:\/\/iranianrayka.ir\/wp-content\/uploads\/2021\/05\/MushroomPizza_Blog_1_1200x800-compressor-620x414.jpeg 620w, https:\/\/iranianrayka.ir\/wp-content\/uploads\/2021\/05\/MushroomPizza_Blog_1_1200x800-compressor-460x307.jpeg 460w, https:\/\/iranianrayka.ir\/wp-content\/uploads\/2021\/05\/MushroomPizza_Blog_1_1200x800-compressor-365x244.jpeg 365w, https:\/\/iranianrayka.ir\/wp-content\/uploads\/2021\/05\/MushroomPizza_Blog_1_1200x800-compressor-600x401.jpeg 600w, https:\/\/iranianrayka.ir\/wp-content\/uploads\/2021\/05\/MushroomPizza_Blog_1_1200x800-compressor.jpeg 1200w\" sizes=\"auto, (max-width: 768px) 100vw, 768px\" \/>\t\t\t\t\t\t\t\t\t\t\t\t\t\t<\/div>\n\t\t\t\t\t\t<\/div>\n\t\t\t\t<\/div>\n\t\t\t\t\t\t<\/div>\n\t\t\t\t\t<\/div>\n\t\t<\/div>\n\t\t\t\t\t\t\t\t<\/div>\n\t\t\t\t\t<\/div>\n\t\t<\/section>\n\t\t\t\t<section class=\"elementor-section elementor-top-section elementor-element elementor-element-a489cc9 elementor-section-boxed elementor-section-height-default elementor-section-height-default\" data-id=\"a489cc9\" data-element_type=\"section\">\n\t\t\t\t\t\t<div class=\"elementor-container elementor-column-gap-default\">\n\t\t\t\t\t\t\t<div class=\"elementor-row\">\n\t\t\t\t\t<div class=\"elementor-column elementor-col-100 elementor-top-column elementor-element elementor-element-6cd676c\" data-id=\"6cd676c\" data-element_type=\"column\">\n\t\t\t<div class=\"elementor-column-wrap elementor-element-populated\">\n\t\t\t\t\t\t\t<div class=\"elementor-widget-wrap\">\n\t\t\t\t\t\t<div class=\"elementor-element elementor-element-5f6c1ab elementor-widget elementor-widget-text-editor\" data-id=\"5f6c1ab\" data-element_type=\"widget\" data-widget_type=\"text-editor.default\">\n\t\t\t\t<div class=\"elementor-widget-container\">\n\t\t\t\t\t\t\t\t<div class=\"elementor-text-editor elementor-clearfix\">\n\t\t\t\t\t<p>\u00a0https:\/\/www.kindercare.com\/ \u00a0<\/p>\t\t\t\t\t<\/div>\n\t\t\t\t\t\t<\/div>\n\t\t\t\t<\/div>\n\t\t\t\t\t\t<\/div>\n\t\t\t\t\t<\/div>\n\t\t<\/div>\n\t\t\t\t\t\t\t\t<\/div>\n\t\t\t\t\t<\/div>\n\t\t<\/section>\n\t\t\t\t<section class=\"elementor-section elementor-top-section elementor-element elementor-element-64ad9d1 elementor-section-boxed elementor-section-height-default elementor-section-height-default\" data-id=\"64ad9d1\" data-element_type=\"section\">\n\t\t\t\t\t\t<div class=\"elementor-container elementor-column-gap-default\">\n\t\t\t\t\t\t\t<div class=\"elementor-row\">\n\t\t\t\t\t<div class=\"elementor-column elementor-col-100 elementor-top-column elementor-element elementor-element-cfb548a\" data-id=\"cfb548a\" data-element_type=\"column\">\n\t\t\t<div class=\"elementor-column-wrap elementor-element-populated\">\n\t\t\t\t\t\t\t<div class=\"elementor-widget-wrap\">\n\t\t\t\t\t\t<div class=\"elementor-element elementor-element-149ba33 elementor-widget elementor-widget-text-editor\" data-id=\"149ba33\" data-element_type=\"widget\" data-widget_type=\"text-editor.default\">\n\t\t\t\t<div class=\"elementor-widget-container\">\n\t\t\t\t\t\t\t\t<div class=\"elementor-text-editor elementor-clearfix\">\n\t\t\t\t\t<h5 id=\"tw-target-text\" class=\"tw-data-text tw-text-large XcVN5d tw-ta\" dir=\"ltr\" data-placeholder=\"Translation\"><span class=\"Y2IQFc\" lang=\"fr\">Les champignons, certains enfants les adorent, certains les d\u00e9testent et de nombreux parents ne pensent m\u00eame pas \u00e0 laisser leurs enfants leur donner une chance. Si vous faites partie de ce dernier groupe, voici quelques bonnes raisons de mettre les champignons sur la liste: Des champignons sauvages aux boutons blancs du supermarch\u00e9, tous les champignons sont tr\u00e8s riches en nutriments &#8211; en fait, les champignons blancs communs sont une source de nutriments plus riche que de nombreux champignons co\u00fbteux. Les champignons sont l&#8217;une des sources les plus importantes de prot\u00e9ines v\u00e9g\u00e9tales, ils contiennent \u00e9galement des antioxydants (ils sont utilis\u00e9s en m\u00e9decine en Asie depuis des si\u00e8cles) et des fibres, de la vitamine B12, de la vitamine C, de la vitamine D, de la niacine, de la riboflavine, du folate, du potassium. Le fer et le s\u00e9l\u00e9nium sont des min\u00e9raux essentiels qui jouent un r\u00f4le important dans la synth\u00e8se de l&#8217;ADN, la fonction thyro\u00efdienne et l&#8217;immunit\u00e9. Les champignons peuvent donner une agr\u00e9able saveur de viande \u00e0 une vari\u00e9t\u00e9 d&#8217;aliments int\u00e9ressants. Une r\u00e8gle de base pour ouvrir votre esprit et votre bouche est d&#8217;ajouter des champignons aux recettes que vos enfants connaissent et aiment d\u00e9j\u00e0. Exp\u00e9rimentez avec diff\u00e9rents types de champignons et de nombreux styles diff\u00e9rents (hach\u00e9s, entiers, r\u00f4tis, frits). Vous ne savez pas par o\u00f9 commencer? Voici huit fa\u00e7ons d\u00e9licieuses d&#8217;ajouter des champignons \u00e0 votre cycle de repas r\u00e9gulier:<\/span><\/h5>\t\t\t\t\t<\/div>\n\t\t\t\t\t\t<\/div>\n\t\t\t\t<\/div>\n\t\t\t\t\t\t<\/div>\n\t\t\t\t\t<\/div>\n\t\t<\/div>\n\t\t\t\t\t\t\t\t<\/div>\n\t\t\t\t\t<\/div>\n\t\t<\/section>\n\t\t\t\t<section class=\"elementor-section elementor-top-section elementor-element elementor-element-79d43db elementor-section-boxed elementor-section-height-default elementor-section-height-default\" data-id=\"79d43db\" data-element_type=\"section\">\n\t\t\t\t\t\t<div class=\"elementor-container elementor-column-gap-default\">\n\t\t\t\t\t\t\t<div class=\"elementor-row\">\n\t\t\t\t\t<div class=\"elementor-column elementor-col-33 elementor-top-column elementor-element elementor-element-2703695\" data-id=\"2703695\" data-element_type=\"column\">\n\t\t\t<div class=\"elementor-column-wrap elementor-element-populated\">\n\t\t\t\t\t\t\t<div class=\"elementor-widget-wrap\">\n\t\t\t\t\t\t<div class=\"elementor-element elementor-element-36d199a elementor-widget elementor-widget-image\" data-id=\"36d199a\" data-element_type=\"widget\" data-widget_type=\"image.default\">\n\t\t\t\t<div class=\"elementor-widget-container\">\n\t\t\t\t\t\t\t\t<div class=\"elementor-image\">\n\t\t\t\t\t\t\t\t\t\t\t\t<img loading=\"lazy\" decoding=\"async\" width=\"696\" height=\"696\" src=\"https:\/\/iranianrayka.ir\/wp-content\/uploads\/2021\/05\/WhatsApp-Image-2021-05-01-at-13.59.16.jpeg\" class=\"attachment-large size-large\" alt=\"\" srcset=\"https:\/\/iranianrayka.ir\/wp-content\/uploads\/2021\/05\/WhatsApp-Image-2021-05-01-at-13.59.16.jpeg 696w, https:\/\/iranianrayka.ir\/wp-content\/uploads\/2021\/05\/WhatsApp-Image-2021-05-01-at-13.59.16-300x300.jpeg 300w, https:\/\/iranianrayka.ir\/wp-content\/uploads\/2021\/05\/WhatsApp-Image-2021-05-01-at-13.59.16-150x150.jpeg 150w, https:\/\/iranianrayka.ir\/wp-content\/uploads\/2021\/05\/WhatsApp-Image-2021-05-01-at-13.59.16-12x12.jpeg 12w, https:\/\/iranianrayka.ir\/wp-content\/uploads\/2021\/05\/WhatsApp-Image-2021-05-01-at-13.59.16-80x80.jpeg 80w, https:\/\/iranianrayka.ir\/wp-content\/uploads\/2021\/05\/WhatsApp-Image-2021-05-01-at-13.59.16-620x620.jpeg 620w, https:\/\/iranianrayka.ir\/wp-content\/uploads\/2021\/05\/WhatsApp-Image-2021-05-01-at-13.59.16-460x460.jpeg 460w, https:\/\/iranianrayka.ir\/wp-content\/uploads\/2021\/05\/WhatsApp-Image-2021-05-01-at-13.59.16-365x365.jpeg 365w, https:\/\/iranianrayka.ir\/wp-content\/uploads\/2021\/05\/WhatsApp-Image-2021-05-01-at-13.59.16-600x600.jpeg 600w, https:\/\/iranianrayka.ir\/wp-content\/uploads\/2021\/05\/WhatsApp-Image-2021-05-01-at-13.59.16-100x100.jpeg 100w\" sizes=\"auto, (max-width: 696px) 100vw, 696px\" \/>\t\t\t\t\t\t\t\t\t\t\t\t\t\t<\/div>\n\t\t\t\t\t\t<\/div>\n\t\t\t\t<\/div>\n\t\t\t\t\t\t<\/div>\n\t\t\t\t\t<\/div>\n\t\t<\/div>\n\t\t\t\t<div class=\"elementor-column elementor-col-66 elementor-top-column elementor-element elementor-element-e9ec048\" data-id=\"e9ec048\" data-element_type=\"column\">\n\t\t\t<div class=\"elementor-column-wrap elementor-element-populated\">\n\t\t\t\t\t\t\t<div class=\"elementor-widget-wrap\">\n\t\t\t\t\t\t<div class=\"elementor-element elementor-element-78d34f4 elementor-widget elementor-widget-text-editor\" data-id=\"78d34f4\" data-element_type=\"widget\" data-widget_type=\"text-editor.default\">\n\t\t\t\t<div class=\"elementor-widget-container\">\n\t\t\t\t\t\t\t\t<div class=\"elementor-text-editor elementor-clearfix\">\n\t\t\t\t\t<h4 dir=\"ltr\">1. Pizza! Votre enfant adorera certainement quand il le verra dans un bol de fromage \u00e9pais en d\u00e9sordre (probablement entour\u00e9 de pepperoni, d&#8217;olives et d&#8217;ananas). Si votre enfant est d\u00e9j\u00e0 fan de pizza, optez pour des pizzas de 30 minutes &#8211; tous les ingr\u00e9dients suppl\u00e9mentaires habituels se trouvent sur le chapeau \u00abchampignon\u00bb du grand chapeau champignon.<br \/>2 oeufs! Hachez ou tranchez vos champignons puis m\u00e9langez-les ensemble. Vous pouvez toujours ajouter de la saucisse hach\u00e9e (si votre enfant l&#8217;aime) pour faire correspondre la couleur avec une certaine quantit\u00e9 de nourriture.<br \/>3. Macaroni au fromage! Presque tout ce que nous obtenons du fromage est d\u00e9licieux. Choisissez votre champignon pr\u00e9f\u00e9r\u00e9 (envisagez des options plus exotiques comme le pleurotes ou la trompette) Ajoutez \u00e0 votre recette pr\u00e9f\u00e9r\u00e9e! Ou si votre enfant aime les saveurs audacieuses, essayez cette excellente version \u00e0 l&#8217;huile de truffe.<br \/>4. Une immersion avec des champignons \u00e0 l&#8217;ail r\u00f4tis et de l&#8217;humus. Pr\u00e9parez des grains entiers \u00e0 partir de l\u00e9gumes hach\u00e9s ou de craquelins, et votre enfant ne sera probablement pas heureux.<\/h4><h4 id=\"tw-target-text\" class=\"tw-data-text tw-text-large XcVN5d tw-ta\" dir=\"ltr\" data-placeholder=\"Translation\"><span class=\"Y2IQFc\" lang=\"fr\">5. Riz et fromage (risotto)! Contrairement \u00e0 de nombreuses recettes de risotto, la version ail et r\u00f4ti de Sandra Lee ne contient pas de vin blanc. Si votre enfant aime le risotto, essayez d&#8217;utiliser d&#8217;autres l\u00e9gumes frais comme des pois ou du chou-fleur pour le rendre plus attrayant. Restes? Utilisez-le pour faire des g\u00e2teaux risotto.<\/span><\/h4><h4 class=\"tw-data-text tw-text-large XcVN5d tw-ta\" dir=\"ltr\" data-placeholder=\"Translation\"><span class=\"Y2IQFc\" lang=\"fr\">6. Soupe! Les champignons sont faits pour ajouter leur richesse en viande \u00e0 une vari\u00e9t\u00e9 de soupes: lentilles, l\u00e9gumes, orge, nouilles au poulet, chili et plus encore. La \u00abvraie\u00bb soupe aux champignons \u00e0 la cr\u00e8me de Jimmy Oliver est un excellent choix pour les enfants qui regardent s&#8217;ils voient vraiment des champignons. <\/span><\/h4><h4 class=\"tw-data-text tw-text-large XcVN5d tw-ta\" dir=\"ltr\" data-placeholder=\"Translation\"><span class=\"Y2IQFc\" lang=\"fr\">7. Cuit! Si votre enfant adore d\u00e9j\u00e0 les champignons, essayez ces fromages romano croustillants et cuits et ces champignons satur\u00e9s. Ils utilisent de la chapelure pour ajouter une belle cro\u00fbte dor\u00e9e aux champignons r\u00f4tis. <\/span><\/h4><h4 class=\"tw-data-text tw-text-large XcVN5d tw-ta\" dir=\"ltr\" data-placeholder=\"Translation\"><span class=\"Y2IQFc\" lang=\"fr\">8. Frites aux champignons! Servez un bouquet de frites avec des champignons r\u00f4tis et une sauce tomate saine ou une sauce tomate maison &#8211; nous doutons que vous entendiez beaucoup de plaintes.<\/span><\/h4>\t\t\t\t\t<\/div>\n\t\t\t\t\t\t<\/div>\n\t\t\t\t<\/div>\n\t\t\t\t\t\t<\/div>\n\t\t\t\t\t<\/div>\n\t\t<\/div>\n\t\t\t\t\t\t\t\t<\/div>\n\t\t\t\t\t<\/div>\n\t\t<\/section>\n\t\t\t\t\t\t<\/div>\n\t\t\t\t\t\t<\/div>\n\t\t\t\t\t<\/div>\n\t\t","protected":false},"excerpt":{"rendered":"<p class=\"tx-excerpt\">8 fa\u00e7ons de cuisiner avec des champignons pour vos enfants \u00a0https:\/\/www.kindercare.com\/ \u00a0 Les champignons, certains enfants les adorent, certains les d\u00e9testent et de nombreux parents ne pensent m\u00eame pas \u00e0 laisser leurs enfants<div class=\"tx-read-more\"><a href=\"https:\/\/iranianrayka.ir\/?page_id=987&#038;lang=fr\">\u0627\u062f\u0627\u0645\u0647 \u0645\u0637\u0644\u0628<\/a><\/div>","protected":false},"author":1,"featured_media":0,"parent":0,"menu_order":0,"comment_status":"closed","ping_status":"closed","template":"","meta":{"footnotes":""},"class_list":["post-987","page","type-page","status-publish","hentry"],"_links":{"self":[{"href":"https:\/\/iranianrayka.ir\/index.php?rest_route=\/wp\/v2\/pages\/987","targetHints":{"allow":["GET"]}}],"collection":[{"href":"https:\/\/iranianrayka.ir\/index.php?rest_route=\/wp\/v2\/pages"}],"about":[{"href":"https:\/\/iranianrayka.ir\/index.php?rest_route=\/wp\/v2\/types\/page"}],"author":[{"embeddable":true,"href":"https:\/\/iranianrayka.ir\/index.php?rest_route=\/wp\/v2\/users\/1"}],"replies":[{"embeddable":true,"href":"https:\/\/iranianrayka.ir\/index.php?rest_route=%2Fwp%2Fv2%2Fcomments&post=987"}],"version-history":[{"count":10,"href":"https:\/\/iranianrayka.ir\/index.php?rest_route=\/wp\/v2\/pages\/987\/revisions"}],"predecessor-version":[{"id":1515,"href":"https:\/\/iranianrayka.ir\/index.php?rest_route=\/wp\/v2\/pages\/987\/revisions\/1515"}],"wp:attachment":[{"href":"https:\/\/iranianrayka.ir\/index.php?rest_route=%2Fwp%2Fv2%2Fmedia&parent=987"}],"curies":[{"name":"wp","href":"https:\/\/api.w.org\/{rel}","templated":true}]}}