{"id":985,"date":"2021-05-01T17:23:00","date_gmt":"2021-05-01T17:23:00","guid":{"rendered":"https:\/\/iranianrayka.ir\/?page_id=985"},"modified":"2021-05-07T08:39:29","modified_gmt":"2021-05-07T08:39:29","slug":"blog-4","status":"publish","type":"page","link":"https:\/\/iranianrayka.ir\/?page_id=985&lang=fr","title":{"rendered":"Blog 4"},"content":{"rendered":"\t\t<div data-elementor-type=\"wp-page\" data-elementor-id=\"985\" class=\"elementor elementor-985\" data-elementor-settings=\"[]\">\n\t\t\t\t\t\t<div class=\"elementor-inner\">\n\t\t\t\t\t\t\t<div class=\"elementor-section-wrap\">\n\t\t\t\t\t\t\t<section class=\"elementor-section elementor-top-section elementor-element elementor-element-31fc035 elementor-section-boxed elementor-section-height-default elementor-section-height-default\" data-id=\"31fc035\" data-element_type=\"section\">\n\t\t\t\t\t\t<div class=\"elementor-container elementor-column-gap-default\">\n\t\t\t\t\t\t\t<div class=\"elementor-row\">\n\t\t\t\t\t<div class=\"elementor-column elementor-col-100 elementor-top-column elementor-element elementor-element-05763c0\" data-id=\"05763c0\" data-element_type=\"column\">\n\t\t\t<div class=\"elementor-column-wrap elementor-element-populated\">\n\t\t\t\t\t\t\t<div class=\"elementor-widget-wrap\">\n\t\t\t\t\t\t<div class=\"elementor-element elementor-element-6e8c98d elementor-widget elementor-widget-text-editor\" data-id=\"6e8c98d\" data-element_type=\"widget\" data-widget_type=\"text-editor.default\">\n\t\t\t\t<div class=\"elementor-widget-container\">\n\t\t\t\t\t\t\t\t<div class=\"elementor-text-editor elementor-clearfix\">\n\t\t\t\t\t<h3 dir=\"ltr\">TOUT CE QUE VOUS DEVEZ SAVOIR DE CHAMPIGNON<\/h3>\t\t\t\t\t<\/div>\n\t\t\t\t\t\t<\/div>\n\t\t\t\t<\/div>\n\t\t\t\t\t\t<\/div>\n\t\t\t\t\t<\/div>\n\t\t<\/div>\n\t\t\t\t\t\t\t\t<\/div>\n\t\t\t\t\t<\/div>\n\t\t<\/section>\n\t\t\t\t<section class=\"elementor-section elementor-top-section elementor-element elementor-element-047146b elementor-section-boxed elementor-section-height-default elementor-section-height-default\" data-id=\"047146b\" data-element_type=\"section\">\n\t\t\t\t\t\t<div class=\"elementor-container elementor-column-gap-default\">\n\t\t\t\t\t\t\t<div class=\"elementor-row\">\n\t\t\t\t\t<div class=\"elementor-column elementor-col-100 elementor-top-column elementor-element elementor-element-1451e71\" data-id=\"1451e71\" data-element_type=\"column\">\n\t\t\t<div class=\"elementor-column-wrap elementor-element-populated\">\n\t\t\t\t\t\t\t<div class=\"elementor-widget-wrap\">\n\t\t\t\t\t\t<div class=\"elementor-element elementor-element-bced6c6 elementor-widget elementor-widget-text-editor\" data-id=\"bced6c6\" data-element_type=\"widget\" data-widget_type=\"text-editor.default\">\n\t\t\t\t<div class=\"elementor-widget-container\">\n\t\t\t\t\t\t\t\t<div class=\"elementor-text-editor elementor-clearfix\">\n\t\t\t\t\t<p>https:\/\/www.noovomoi.ca\u00a0<\/p>\t\t\t\t\t<\/div>\n\t\t\t\t\t\t<\/div>\n\t\t\t\t<\/div>\n\t\t\t\t\t\t<\/div>\n\t\t\t\t\t<\/div>\n\t\t<\/div>\n\t\t\t\t\t\t\t\t<\/div>\n\t\t\t\t\t<\/div>\n\t\t<\/section>\n\t\t\t\t<section class=\"elementor-section elementor-top-section elementor-element elementor-element-ed19805 elementor-section-boxed elementor-section-height-default elementor-section-height-default\" data-id=\"ed19805\" data-element_type=\"section\">\n\t\t\t\t\t\t<div class=\"elementor-container elementor-column-gap-default\">\n\t\t\t\t\t\t\t<div class=\"elementor-row\">\n\t\t\t\t\t<div class=\"elementor-column elementor-col-100 elementor-top-column elementor-element elementor-element-7433faa\" data-id=\"7433faa\" data-element_type=\"column\">\n\t\t\t<div class=\"elementor-column-wrap elementor-element-populated\">\n\t\t\t\t\t\t\t<div class=\"elementor-widget-wrap\">\n\t\t\t\t\t\t<div class=\"elementor-element elementor-element-992d4c1 elementor-widget elementor-widget-text-editor\" data-id=\"992d4c1\" data-element_type=\"widget\" data-widget_type=\"text-editor.default\">\n\t\t\t\t<div class=\"elementor-widget-container\">\n\t\t\t\t\t\t\t\t<div class=\"elementor-text-editor elementor-clearfix\">\n\t\t\t\t\t<p>Il existe plus d&#8217;un million d&#8217;esp\u00e8ces de\u00a0<strong>champignons\u00a0<\/strong>et on en d\u00e9couvre encore de nouvelles fr\u00e9quemment! Plusieurs centaines de ces esp\u00e8ces sont couramment consomm\u00e9es depuis la pr\u00e9histoire. \u00c9videmment, les plus populaires sont les petits champignons blancs, aussi appel\u00e9s champignons de Paris, et leurs cousins de couleur brune (cremini, en italien), mais de nombreuses autres vari\u00e9t\u00e9s font la joie des connaisseurs : pleurotes, portobello, c\u00e8pes, chanterelles, morilles, shiitake, girolles, pour ne nommer que les plus communs.<\/p><p><strong>Saison\u00a0<\/strong>: On trouve des champignons de culture toute l&#8217;ann\u00e9e (champignons de Paris, cremini, champignons caf\u00e9), mais la meilleure saison pour consommer des champignons sauvages, c&#8217;est bien s\u00fbr l&#8217;automne, pendant les mois d&#8217;octobre et novembre.<\/p><p>\u00a0<\/p><p>Guide d&#8217;achat<\/p><p>Pour les champignons cultiv\u00e9s, il faut choisir ceux dont le \u00ab chapeau \u00bb est compl\u00e8tement coll\u00e9 et referm\u00e9 sur le pied, car c&#8217;est un gage de fraicheur.<\/p><p>\u00c9videmment, pour tous les champignons sauvages, c&#8217;est surtout en les examinant que l&#8217;on peut voir s&#8217;ils sont frais ou non. Des champignons tout mous, tach\u00e9s ou frip\u00e9s sont \u00e0 \u00e9viter (\u00e0 moins que ces cela ne soit caract\u00e9ristique du type de champignon.<\/p><p>\u00a0<\/p><h2>Conservation<\/h2><p>Les champignons se conservent une semaine \u00e0 10 jours au r\u00e9frig\u00e9rateur, de pr\u00e9f\u00e9rence dans un sac en papier et \u00ab les pieds en l&#8217;air. \u00bb<\/p><p>Il ne faut les laver qu&#8217;au dernier moment et en utilisant le moins d&#8217;eau possible. Dans tous les cas, il vaut mieux \u00e9viter de les faire tremper dans l&#8217;eau, car cela alt\u00e8re leur saveur. Il est pr\u00e9f\u00e9rable de les brosser ou de gratter la terre coll\u00e9e avant de les passer rapidement sous l&#8217;eau fraiche, puis de bien les s\u00e9cher avant utilisation.<\/p><p>On trouve aussi sur le march\u00e9 des champignons conserv\u00e9s dans l&#8217;eau ou dans l&#8217;huile, et des champignons s\u00e9ch\u00e9s.<\/p><p>Il est possible de blanchir quelques minutes les champignons, puis de les congeler pour une utilisation future.<\/p><h2>Bienfaits pour la sant\u00e9<\/h2><p>Les champignons contiennent environ 80 % d&#8217;eau et sont tr\u00e8s peu caloriques (10 \u00e0 15 calories, selon les esp\u00e8ces, pour une demi-tasse de champignons crus.)<\/p><p>Les champignons sauvages sont \u00e9galement une source int\u00e9ressante de fibres et ils aident \u00e0 r\u00e9gulariser le transit intestinal.<\/p><p>Ils sont riches en :<\/p><ul><li>vitamine A<\/li><li>vitamine B<\/li><li>vitamine C<\/li><li>vitamine D<\/li><li>phosphore<\/li><li>potassium<\/li><li>cuivre<\/li><li>zinc<\/li><\/ul><p dir=\"ltr\">Les concentrations en sels min\u00e9raux et en vitamines diff\u00e8rent selon les esp\u00e8ces.<\/p>\t\t\t\t\t<\/div>\n\t\t\t\t\t\t<\/div>\n\t\t\t\t<\/div>\n\t\t\t\t\t\t<\/div>\n\t\t\t\t\t<\/div>\n\t\t<\/div>\n\t\t\t\t\t\t\t\t<\/div>\n\t\t\t\t\t<\/div>\n\t\t<\/section>\n\t\t\t\t<section class=\"elementor-section elementor-top-section elementor-element elementor-element-fa37c5e elementor-section-boxed elementor-section-height-default elementor-section-height-default\" data-id=\"fa37c5e\" data-element_type=\"section\">\n\t\t\t\t\t\t<div class=\"elementor-container elementor-column-gap-default\">\n\t\t\t\t\t\t\t<div class=\"elementor-row\">\n\t\t\t\t\t<div class=\"elementor-column elementor-col-33 elementor-top-column elementor-element elementor-element-64dfa8b\" data-id=\"64dfa8b\" data-element_type=\"column\">\n\t\t\t<div class=\"elementor-column-wrap elementor-element-populated\">\n\t\t\t\t\t\t\t<div class=\"elementor-widget-wrap\">\n\t\t\t\t\t\t<div class=\"elementor-element elementor-element-86ba83c elementor-widget elementor-widget-image\" data-id=\"86ba83c\" data-element_type=\"widget\" data-widget_type=\"image.default\">\n\t\t\t\t<div class=\"elementor-widget-container\">\n\t\t\t\t\t\t\t\t<div class=\"elementor-image\">\n\t\t\t\t\t\t\t\t\t\t\t\t<img loading=\"lazy\" decoding=\"async\" width=\"500\" height=\"750\" src=\"https:\/\/iranianrayka.ir\/wp-content\/uploads\/2021\/05\/WhatsApp-Image-2021-05-01-at-13.09.30.jpeg\" class=\"attachment-large size-large\" alt=\"\" srcset=\"https:\/\/iranianrayka.ir\/wp-content\/uploads\/2021\/05\/WhatsApp-Image-2021-05-01-at-13.09.30.jpeg 500w, https:\/\/iranianrayka.ir\/wp-content\/uploads\/2021\/05\/WhatsApp-Image-2021-05-01-at-13.09.30-200x300.jpeg 200w, https:\/\/iranianrayka.ir\/wp-content\/uploads\/2021\/05\/WhatsApp-Image-2021-05-01-at-13.09.30-8x12.jpeg 8w, https:\/\/iranianrayka.ir\/wp-content\/uploads\/2021\/05\/WhatsApp-Image-2021-05-01-at-13.09.30-53x80.jpeg 53w, https:\/\/iranianrayka.ir\/wp-content\/uploads\/2021\/05\/WhatsApp-Image-2021-05-01-at-13.09.30-460x690.jpeg 460w, https:\/\/iranianrayka.ir\/wp-content\/uploads\/2021\/05\/WhatsApp-Image-2021-05-01-at-13.09.30-365x548.jpeg 365w, https:\/\/iranianrayka.ir\/wp-content\/uploads\/2021\/05\/WhatsApp-Image-2021-05-01-at-13.09.30-300x450.jpeg 300w\" sizes=\"auto, (max-width: 500px) 100vw, 500px\" \/>\t\t\t\t\t\t\t\t\t\t\t\t\t\t<\/div>\n\t\t\t\t\t\t<\/div>\n\t\t\t\t<\/div>\n\t\t\t\t\t\t<\/div>\n\t\t\t\t\t<\/div>\n\t\t<\/div>\n\t\t\t\t<div class=\"elementor-column elementor-col-66 elementor-top-column elementor-element elementor-element-ef3cbb6\" data-id=\"ef3cbb6\" data-element_type=\"column\">\n\t\t\t<div class=\"elementor-column-wrap elementor-element-populated\">\n\t\t\t\t\t\t\t<div class=\"elementor-widget-wrap\">\n\t\t\t\t\t\t<div class=\"elementor-element elementor-element-a31305d elementor-widget elementor-widget-text-editor\" data-id=\"a31305d\" data-element_type=\"widget\" data-widget_type=\"text-editor.default\">\n\t\t\t\t<div class=\"elementor-widget-container\">\n\t\t\t\t\t\t\t\t<div class=\"elementor-text-editor elementor-clearfix\">\n\t\t\t\t\t<p>Astuces culinaires<\/p><p>Il existe de multiples fa\u00e7ons d&#8217;appr\u00eater les champignons&#8230; Il suffit d&#8217;un peu d&#8217;imagination pour les int\u00e9grer \u00e0 toutes vos recettes :<\/p><ul><li>Crus, tranch\u00e9s et ajout\u00e9s \u00e0 vos salades, garnitures \u00e0 sandwich, etc. (attention, certaines vari\u00e9t\u00e9s ne peuvent pas \u00eatre consomm\u00e9es crues.)<\/li><li>Crus et marin\u00e9s quelques heures dans une vinaigrette, ils seront \u00ab mi-cuits \u00bb par l&#8217;acide (vinaigre ou jus de citron, par exemple) : un d\u00e9lice!<\/li><li>Saut\u00e9s dans du beurre ou de l&#8217;huile avec de l&#8217;ail et du persil (environ 5 minutes.)<\/li><li>Grill\u00e9s au barbecue ou au four.<\/li><li>Pour les gros champignons (style portobello) : on enl\u00e8ve le pied qu&#8217;on hache et m\u00e9lange \u00e0 d&#8217;autres l\u00e9gumes (viande, riz, etc.), puis on ajoute du fromage et on fait cuire au four.<\/li><li>Dans toutes les sauces \u00e0 la cr\u00e8me pour accompagner les p\u00e2tes, les viandes et la volaille.<\/li><li>Dans les soupes traditionnelles ou exotiques : soupe miso, cr\u00e8me de champignons, etc.<\/li><li>Pour farcir les cr\u00eapes, les chaussons sal\u00e9s, etc.<\/li><li>Dans les sauces \u00e0 spaghetti.<\/li><li>Sur les pizzas, les quiches, les tartes sal\u00e9es.<\/li><li>Dans les risottos<\/li><\/ul><p>\u00a0<\/p><p>\u00a0<\/p><p dir=\"ltr\">\u00a0<\/p>\t\t\t\t\t<\/div>\n\t\t\t\t\t\t<\/div>\n\t\t\t\t<\/div>\n\t\t\t\t\t\t<\/div>\n\t\t\t\t\t<\/div>\n\t\t<\/div>\n\t\t\t\t\t\t\t\t<\/div>\n\t\t\t\t\t<\/div>\n\t\t<\/section>\n\t\t\t\t\t\t<\/div>\n\t\t\t\t\t\t<\/div>\n\t\t\t\t\t<\/div>\n\t\t","protected":false},"excerpt":{"rendered":"<p class=\"tx-excerpt\">TOUT CE QUE VOUS DEVEZ SAVOIR DE CHAMPIGNON https:\/\/www.noovomoi.ca\u00a0 Il existe plus d&#8217;un million d&#8217;esp\u00e8ces de\u00a0champignons\u00a0et on en d\u00e9couvre encore de nouvelles fr\u00e9quemment! Plusieurs centaines de ces esp\u00e8ces sont couramment consomm\u00e9es depuis la<div class=\"tx-read-more\"><a href=\"https:\/\/iranianrayka.ir\/?page_id=985&#038;lang=fr\">\u0627\u062f\u0627\u0645\u0647 \u0645\u0637\u0644\u0628<\/a><\/div>","protected":false},"author":1,"featured_media":0,"parent":0,"menu_order":0,"comment_status":"closed","ping_status":"closed","template":"","meta":{"footnotes":""},"class_list":["post-985","page","type-page","status-publish","hentry"],"_links":{"self":[{"href":"https:\/\/iranianrayka.ir\/index.php?rest_route=\/wp\/v2\/pages\/985","targetHints":{"allow":["GET"]}}],"collection":[{"href":"https:\/\/iranianrayka.ir\/index.php?rest_route=\/wp\/v2\/pages"}],"about":[{"href":"https:\/\/iranianrayka.ir\/index.php?rest_route=\/wp\/v2\/types\/page"}],"author":[{"embeddable":true,"href":"https:\/\/iranianrayka.ir\/index.php?rest_route=\/wp\/v2\/users\/1"}],"replies":[{"embeddable":true,"href":"https:\/\/iranianrayka.ir\/index.php?rest_route=%2Fwp%2Fv2%2Fcomments&post=985"}],"version-history":[{"count":7,"href":"https:\/\/iranianrayka.ir\/index.php?rest_route=\/wp\/v2\/pages\/985\/revisions"}],"predecessor-version":[{"id":1170,"href":"https:\/\/iranianrayka.ir\/index.php?rest_route=\/wp\/v2\/pages\/985\/revisions\/1170"}],"wp:attachment":[{"href":"https:\/\/iranianrayka.ir\/index.php?rest_route=%2Fwp%2Fv2%2Fmedia&parent=985"}],"curies":[{"name":"wp","href":"https:\/\/api.w.org\/{rel}","templated":true}]}}