{"id":979,"date":"2021-05-01T17:19:27","date_gmt":"2021-05-01T17:19:27","guid":{"rendered":"https:\/\/iranianrayka.ir\/?page_id=979"},"modified":"2021-05-07T08:31:59","modified_gmt":"2021-05-07T08:31:59","slug":"blog-1","status":"publish","type":"page","link":"https:\/\/iranianrayka.ir\/?page_id=979&lang=fr","title":{"rendered":"Blog 1"},"content":{"rendered":"\t\t<div data-elementor-type=\"wp-page\" data-elementor-id=\"979\" class=\"elementor elementor-979\" data-elementor-settings=\"[]\">\n\t\t\t\t\t\t<div class=\"elementor-inner\">\n\t\t\t\t\t\t\t<div class=\"elementor-section-wrap\">\n\t\t\t\t\t\t\t<section class=\"elementor-section elementor-top-section elementor-element elementor-element-9f371a7 elementor-section-boxed elementor-section-height-default elementor-section-height-default\" data-id=\"9f371a7\" data-element_type=\"section\">\n\t\t\t\t\t\t<div class=\"elementor-container elementor-column-gap-default\">\n\t\t\t\t\t\t\t<div class=\"elementor-row\">\n\t\t\t\t\t<div class=\"elementor-column elementor-col-100 elementor-top-column elementor-element elementor-element-79775f43\" data-id=\"79775f43\" data-element_type=\"column\">\n\t\t\t<div class=\"elementor-column-wrap elementor-element-populated\">\n\t\t\t\t\t\t\t<div class=\"elementor-widget-wrap\">\n\t\t\t\t\t\t<div class=\"elementor-element elementor-element-3bd9d79b elementor-widget elementor-widget-text-editor\" data-id=\"3bd9d79b\" data-element_type=\"widget\" data-widget_type=\"text-editor.default\">\n\t\t\t\t<div class=\"elementor-widget-container\">\n\t\t\t\t\t\t\t\t<div class=\"elementor-text-editor elementor-clearfix\">\n\t\t\t\t\t<h2>Quel mode de cuisson conserve mieux le profil nutritionnel des champignons ?<\/h2>\t\t\t\t\t<\/div>\n\t\t\t\t\t\t<\/div>\n\t\t\t\t<\/div>\n\t\t\t\t\t\t<\/div>\n\t\t\t\t\t<\/div>\n\t\t<\/div>\n\t\t\t\t\t\t\t\t<\/div>\n\t\t\t\t\t<\/div>\n\t\t<\/section>\n\t\t\t\t<section class=\"elementor-section elementor-top-section elementor-element elementor-element-616e3da elementor-section-boxed elementor-section-height-default elementor-section-height-default\" data-id=\"616e3da\" data-element_type=\"section\">\n\t\t\t\t\t\t<div class=\"elementor-container elementor-column-gap-default\">\n\t\t\t\t\t\t\t<div class=\"elementor-row\">\n\t\t\t\t\t<div class=\"elementor-column elementor-col-100 elementor-top-column elementor-element elementor-element-4e2a0f0\" data-id=\"4e2a0f0\" data-element_type=\"column\">\n\t\t\t<div class=\"elementor-column-wrap elementor-element-populated\">\n\t\t\t\t\t\t\t<div class=\"elementor-widget-wrap\">\n\t\t\t\t\t\t<div class=\"elementor-element elementor-element-0f91d7d elementor-widget elementor-widget-text-editor\" data-id=\"0f91d7d\" data-element_type=\"widget\" data-widget_type=\"text-editor.default\">\n\t\t\t\t<div class=\"elementor-widget-container\">\n\t\t\t\t\t\t\t\t<div class=\"elementor-text-editor elementor-clearfix\">\n\t\t\t\t\t<p>\u00a0https:\/\/www.sciencesetavenir.fr\/<\/p><p>\u00a0<\/p>\t\t\t\t\t<\/div>\n\t\t\t\t\t\t<\/div>\n\t\t\t\t<\/div>\n\t\t\t\t\t\t<\/div>\n\t\t\t\t\t<\/div>\n\t\t<\/div>\n\t\t\t\t\t\t\t\t<\/div>\n\t\t\t\t\t<\/div>\n\t\t<\/section>\n\t\t\t\t<section class=\"elementor-section elementor-top-section elementor-element elementor-element-00213ec elementor-section-boxed elementor-section-height-default elementor-section-height-default\" data-id=\"00213ec\" data-element_type=\"section\">\n\t\t\t\t\t\t<div class=\"elementor-container elementor-column-gap-default\">\n\t\t\t\t\t\t\t<div class=\"elementor-row\">\n\t\t\t\t\t<div class=\"elementor-column elementor-col-66 elementor-top-column elementor-element elementor-element-d60e568\" data-id=\"d60e568\" data-element_type=\"column\">\n\t\t\t<div class=\"elementor-column-wrap elementor-element-populated\">\n\t\t\t\t\t\t\t<div class=\"elementor-widget-wrap\">\n\t\t\t\t\t\t<div class=\"elementor-element elementor-element-9669890 elementor-widget elementor-widget-text-editor\" data-id=\"9669890\" data-element_type=\"widget\" data-widget_type=\"text-editor.default\">\n\t\t\t\t<div class=\"elementor-widget-container\">\n\t\t\t\t\t\t\t\t<div class=\"elementor-text-editor elementor-clearfix\">\n\t\t\t\t\t<p>Le mode de cuisson des champignons influe sur leur qualit\u00e9 nutritionnelle et sur leur capacit\u00e9 antioxydante. Des chercheurs espagnols ont d\u00e9montr\u00e9 que pr\u00e9parer ses champignons par \u00e9bullition, au micro-ondes ou en grillade permettait de pr\u00e9server au mieux cet\u00a0aliment.<\/p><p>\u00a0<\/p><p>Riches en fibres, sources de vitamines (B1, B2, B12, C, D et E) et d&#8217;oligo-\u00e9l\u00e9ments tels que le zinc ou le s\u00e9l\u00e9nium, pauvres en calories et en graisses, les champignons sont une source importante de compos\u00e9s biologiquement actifs poss\u00e9dant une valeur m\u00e9dicale potentielle (<a href=\"https:\/\/www.sciencesetavenir.fr\/sante\/les-champignons-de-nouveaux-allies-contre-le-cancer_15617\">comme les b\u00eata-glucanes<\/a>). Ils sont g\u00e9n\u00e9ralement cuits avant d&#8217;\u00eatre consomm\u00e9s.\u00a0<a href=\"http:\/\/www.tandfonline.com\/doi\/abs\/10.1080\/09637486.2016.1244662?journalCode=iijf20\">Les r\u00e9sultats d\u2019une \u00e9tude, publi\u00e9s en mai 2017 dans l\u2019<em>International Journal of Food Sciences and Nutrition<\/em><\/a>, ont r\u00e9v\u00e9l\u00e9 que la mani\u00e8re de les cuisiner modifie de fa\u00e7on plus ou moins importante leur composition.<\/p><h3>4 m\u00e9thodes de cuisson test\u00e9es<\/h3><p>Quel mode de cuisson favoriser pour conserver toutes ces valeurs nutritionnelles\u00a0? Telle est la question sur laquelle s\u2019est pench\u00e9 le groupe de scientifiques du &#8220;Centre de recherche technologique sur les champignons de La Rioja&#8221; (CTICH, un organisme public dans cette communaut\u00e9 autonome espagnole o\u00f9 la culture du champignon est d&#8217;importance).<\/p><p>Ils ont \u00e9valu\u00e9 l&#8217;influence de quatre m\u00e9thodes de cuisson courantes (\u00e9bullition, micro-ondes, grillades et friture) sur la composition imm\u00e9diate, la teneur en b\u00eata-glucanes et l&#8217;activit\u00e9 antioxydante de quatre esp\u00e8ces de champignons cultiv\u00e9s parmi les plus largement consomm\u00e9es dans le monde\u00a0:\u00a0<em>Agaricus bisporus<\/em>\u00a0(champignon de Paris),\u00a0<em>Lentinula edodes<\/em>\u00a0(shiitake),\u00a0<em>Pleurotus ostreatus<\/em>\u00a0(pleurote en hu\u00eetres) et\u00a0<em>Pleurotus eryngii<\/em>\u00a0(pleurote de Panicaut). Ils ont \u00e9t\u00e9 r\u00e9colt\u00e9s dans les salles de culture des installations du CTICH. Apr\u00e8s le processus de cuisson, les champignons crus et cuits ont \u00e9t\u00e9 lyophilis\u00e9s, puis leur composition et activit\u00e9 antioxydante ont \u00e9t\u00e9 analys\u00e9es.<\/p><h3>La friture r\u00e9duit fortement les teneurs en prot\u00e9ines<\/h3><p>Les r\u00e9sultats ont montr\u00e9 une diminution de la teneur en prot\u00e9ines et mati\u00e8re min\u00e9rale (cendres) dans les champignons cuits par rapport aux mati\u00e8res premi\u00e8res. C\u2019est la cuisson par friture qui induit les pertes les plus s\u00e9v\u00e8res en prot\u00e9ines et glucides\u00a0:\u00a0<em>&#8220;Cette diminution [des prot\u00e9ines] s\u2019explique par les temp\u00e9ratures \u00e9lev\u00e9es lors de la friture car l&#8217;huile peut atteindre jusqu&#8217;\u00e0 175\u00b0C. Il est bien connu que le traitement thermique peut r\u00e9duire la quantit\u00e9 de prot\u00e9ines et d\u00e9truire certains acides amin\u00e9s, en modifiant la qualit\u00e9 de la composition des prot\u00e9ines dans les aliments<\/em>&#8220;, explique Irene Roncero, auteure de l&#8217;\u00e9tude.<\/p><p>\u00c0 l\u2019inverse, les chercheurs ont constat\u00e9 une augmentation de l&#8217;\u00e9nergie et de la graisse. Celle-ci passe d\u2019en moyenne 2,1% de la mati\u00e8re s\u00e8che avant friture \u00e0 entre 45 et 60% apr\u00e8s friture, selon l&#8217;esp\u00e8ce. \u00a0<\/p><h3>Les avantages du micro-ondes et de la grillade sur l&#8217;activit\u00e9 antioxydante<\/h3><p>Une diminution significative de\u00a0l&#8217;activit\u00e9 antioxydante a \u00e9t\u00e9 d\u00e9tect\u00e9e, surtout apr\u00e8s l&#8217;\u00e9bullition, mais aussi apr\u00e8s la friture, contrairement \u00e0 la cuisson par grillade ou au micro-ondes. Dans ce cas, les champignons bouillis et frits pr\u00e9sentaient les valeurs les plus faibles, probablement en raison de la lixiviation, c\u2019est-\u00e0-dire la perte de compos\u00e9s solubles dans l&#8217;eau ou dans l&#8217;huile. Au micro-ondes ou en grillade, les champignons ont atteint des valeurs plus \u00e9lev\u00e9es d&#8217;activit\u00e9 antioxydante :\u00a0<em>&#8220;La teneur en polyph\u00e9nol et en antioxydants a alors augment\u00e9 de mani\u00e8re significative<\/em>&#8220;, pr\u00e9cise Irene Roncero.<\/p><p>N\u00e9anmoins, seule l&#8217;\u00e9bullition accro\u00eet de mani\u00e8re int\u00e9ressante les teneurs totales en glucanes, en am\u00e9liorant jusqu&#8217;\u00e0 30% la fraction de b\u00eata-glucanes chez les champignons de Paris. La grillade et le micro-ondes apportent quant \u00e0 eux une modification faible\u00a0des teneurs en b\u00eata-glucanes : respectivement +11% et +4% de\u00a0b\u00eata-glucanes chez les champignons de Paris, et -5% et -3,5% chez les Pleurotes de Panicaut.\u00a0<\/p><p>Ainsi, il n&#8217;existerait pas de m\u00e9thode id\u00e9ale pour pr\u00e9server\u00a0la composition\u00a0des champignons. L&#8217;\u00e9bullition, le micro-ondes et la grillade influencent peu la valeur calorique des aliments apr\u00e8s cuisson\u00a0; la friture n&#8217;est en revanche pas \u00e0 recommander. L&#8217;id\u00e9al pourrait donc se trouver dans la variation des m\u00e9thodes de cuisson : l&#8217;\u00e9bullition pour b\u00e9n\u00e9ficier au maximum de\u00a0b\u00eata-glucanes et le micro-ondes ou la grillade pour b\u00e9n\u00e9ficier au mieux des antioxydants.\u00a0<\/p><p><strong><em>Par Caroline Leli\u00e8vre<\/em><\/strong><\/p>\t\t\t\t\t<\/div>\n\t\t\t\t\t\t<\/div>\n\t\t\t\t<\/div>\n\t\t\t\t\t\t<\/div>\n\t\t\t\t\t<\/div>\n\t\t<\/div>\n\t\t\t\t<div class=\"elementor-column elementor-col-33 elementor-top-column elementor-element elementor-element-ba2e68e\" data-id=\"ba2e68e\" data-element_type=\"column\">\n\t\t\t<div class=\"elementor-column-wrap elementor-element-populated\">\n\t\t\t\t\t\t\t<div class=\"elementor-widget-wrap\">\n\t\t\t\t\t\t<div class=\"elementor-element elementor-element-1dffc75 elementor-widget elementor-widget-image\" data-id=\"1dffc75\" data-element_type=\"widget\" data-widget_type=\"image.default\">\n\t\t\t\t<div class=\"elementor-widget-container\">\n\t\t\t\t\t\t\t\t<div class=\"elementor-image\">\n\t\t\t\t\t\t\t\t\t\t\t\t<img loading=\"lazy\" decoding=\"async\" width=\"1000\" height=\"751\" src=\"https:\/\/iranianrayka.ir\/wp-content\/uploads\/2021\/05\/cover-r4x3w1000-59259f3a8772f-tout-est-il-bon-dans-le-champignon.jpeg\" class=\"attachment-large size-large\" alt=\"\" srcset=\"https:\/\/iranianrayka.ir\/wp-content\/uploads\/2021\/05\/cover-r4x3w1000-59259f3a8772f-tout-est-il-bon-dans-le-champignon.jpeg 1000w, https:\/\/iranianrayka.ir\/wp-content\/uploads\/2021\/05\/cover-r4x3w1000-59259f3a8772f-tout-est-il-bon-dans-le-champignon-300x225.jpeg 300w, https:\/\/iranianrayka.ir\/wp-content\/uploads\/2021\/05\/cover-r4x3w1000-59259f3a8772f-tout-est-il-bon-dans-le-champignon-768x577.jpeg 768w, https:\/\/iranianrayka.ir\/wp-content\/uploads\/2021\/05\/cover-r4x3w1000-59259f3a8772f-tout-est-il-bon-dans-le-champignon-16x12.jpeg 16w, https:\/\/iranianrayka.ir\/wp-content\/uploads\/2021\/05\/cover-r4x3w1000-59259f3a8772f-tout-est-il-bon-dans-le-champignon-100x75.jpeg 100w, https:\/\/iranianrayka.ir\/wp-content\/uploads\/2021\/05\/cover-r4x3w1000-59259f3a8772f-tout-est-il-bon-dans-le-champignon-80x60.jpeg 80w, https:\/\/iranianrayka.ir\/wp-content\/uploads\/2021\/05\/cover-r4x3w1000-59259f3a8772f-tout-est-il-bon-dans-le-champignon-620x466.jpeg 620w, https:\/\/iranianrayka.ir\/wp-content\/uploads\/2021\/05\/cover-r4x3w1000-59259f3a8772f-tout-est-il-bon-dans-le-champignon-460x345.jpeg 460w, https:\/\/iranianrayka.ir\/wp-content\/uploads\/2021\/05\/cover-r4x3w1000-59259f3a8772f-tout-est-il-bon-dans-le-champignon-365x274.jpeg 365w, https:\/\/iranianrayka.ir\/wp-content\/uploads\/2021\/05\/cover-r4x3w1000-59259f3a8772f-tout-est-il-bon-dans-le-champignon-600x451.jpeg 600w\" sizes=\"auto, (max-width: 1000px) 100vw, 1000px\" \/>\t\t\t\t\t\t\t\t\t\t\t\t\t\t<\/div>\n\t\t\t\t\t\t<\/div>\n\t\t\t\t<\/div>\n\t\t\t\t\t\t<\/div>\n\t\t\t\t\t<\/div>\n\t\t<\/div>\n\t\t\t\t\t\t\t\t<\/div>\n\t\t\t\t\t<\/div>\n\t\t<\/section>\n\t\t\t\t\t\t<\/div>\n\t\t\t\t\t\t<\/div>\n\t\t\t\t\t<\/div>\n\t\t","protected":false},"excerpt":{"rendered":"<p class=\"tx-excerpt\">Quel mode de cuisson conserve mieux le profil nutritionnel des champignons ? \u00a0https:\/\/www.sciencesetavenir.fr\/ \u00a0 Le mode de cuisson des champignons influe sur leur qualit\u00e9 nutritionnelle et sur leur capacit\u00e9 antioxydante. Des chercheurs espagnols<div class=\"tx-read-more\"><a href=\"https:\/\/iranianrayka.ir\/?page_id=979&#038;lang=fr\">\u0627\u062f\u0627\u0645\u0647 \u0645\u0637\u0644\u0628<\/a><\/div>","protected":false},"author":1,"featured_media":0,"parent":0,"menu_order":0,"comment_status":"closed","ping_status":"closed","template":"","meta":{"footnotes":""},"class_list":["post-979","page","type-page","status-publish","hentry"],"_links":{"self":[{"href":"https:\/\/iranianrayka.ir\/index.php?rest_route=\/wp\/v2\/pages\/979","targetHints":{"allow":["GET"]}}],"collection":[{"href":"https:\/\/iranianrayka.ir\/index.php?rest_route=\/wp\/v2\/pages"}],"about":[{"href":"https:\/\/iranianrayka.ir\/index.php?rest_route=\/wp\/v2\/types\/page"}],"author":[{"embeddable":true,"href":"https:\/\/iranianrayka.ir\/index.php?rest_route=\/wp\/v2\/users\/1"}],"replies":[{"embeddable":true,"href":"https:\/\/iranianrayka.ir\/index.php?rest_route=%2Fwp%2Fv2%2Fcomments&post=979"}],"version-history":[{"count":4,"href":"https:\/\/iranianrayka.ir\/index.php?rest_route=\/wp\/v2\/pages\/979\/revisions"}],"predecessor-version":[{"id":1142,"href":"https:\/\/iranianrayka.ir\/index.php?rest_route=\/wp\/v2\/pages\/979\/revisions\/1142"}],"wp:attachment":[{"href":"https:\/\/iranianrayka.ir\/index.php?rest_route=%2Fwp%2Fv2%2Fmedia&parent=979"}],"curies":[{"name":"wp","href":"https:\/\/api.w.org\/{rel}","templated":true}]}}