{"id":970,"date":"2021-05-01T17:06:22","date_gmt":"2021-05-01T17:06:22","guid":{"rendered":"https:\/\/iranianrayka.ir\/?page_id=970"},"modified":"2021-05-04T13:39:14","modified_gmt":"2021-05-04T13:39:14","slug":"nos-produits","status":"publish","type":"page","link":"https:\/\/iranianrayka.ir\/?page_id=970&lang=fr","title":{"rendered":"Nos Produits"},"content":{"rendered":"\t\t<div data-elementor-type=\"wp-page\" data-elementor-id=\"970\" class=\"elementor elementor-970\" data-elementor-settings=\"[]\">\n\t\t\t\t\t\t<div class=\"elementor-inner\">\n\t\t\t\t\t\t\t<div class=\"elementor-section-wrap\">\n\t\t\t\t\t\t\t<section class=\"elementor-section elementor-top-section elementor-element elementor-element-2a31514 elementor-section-boxed elementor-section-height-default elementor-section-height-default\" data-id=\"2a31514\" data-element_type=\"section\">\n\t\t\t\t\t\t<div class=\"elementor-container elementor-column-gap-default\">\n\t\t\t\t\t\t\t<div class=\"elementor-row\">\n\t\t\t\t\t<div class=\"elementor-column elementor-col-100 elementor-top-column elementor-element elementor-element-c70e66c\" data-id=\"c70e66c\" data-element_type=\"column\">\n\t\t\t<div class=\"elementor-column-wrap elementor-element-populated\">\n\t\t\t\t\t\t\t<div class=\"elementor-widget-wrap\">\n\t\t\t\t\t\t<div class=\"elementor-element elementor-element-e9dd6ee elementor-widget elementor-widget-text-editor\" data-id=\"e9dd6ee\" data-element_type=\"widget\" data-widget_type=\"text-editor.default\">\n\t\t\t\t<div class=\"elementor-widget-container\">\n\t\t\t\t\t\t\t\t<div class=\"elementor-text-editor elementor-clearfix\">\n\t\t\t\t\t<h5 id=\"tw-target-text\" class=\"tw-data-text tw-text-large XcVN5d tw-ta\" dir=\"ltr\" data-placeholder=\"Translation\"><strong><span class=\"Y2IQFc\" lang=\"fr\">Nous ne fabriquons que des produits bons pour vous et la plan\u00e8te. Nos champignons ont un bon go\u00fbt et des nutriments qui contribuent \u00e0 votre vitalit\u00e9 dans la vie et nous sommes s\u00fbrs que vous partagez votre d\u00e9sir avec nous de rendre le monde meilleur. Nos champignons de diff\u00e9rentes dimensions sont un compl\u00e9ment parfait \u00e0 une vari\u00e9t\u00e9 de cuisine v\u00e9g\u00e9tarienne, occidentale et m\u00eame iranienne, et cette collection pr\u00e9pare et distribue ce type de champignon depuis plus d&#8217;une d\u00e9cennie. Aussi, en raison de l&#8217;acceptation publique des produits biologiques ces derni\u00e8res ann\u00e9es, ainsi que de l&#8217;\u00e9tude de la production de champignons biologiques dans les pays europ\u00e9ens, nous avons ajout\u00e9 la ligne de production de ce type de produits dans cette collection.<\/span><\/strong><\/h5>\t\t\t\t\t<\/div>\n\t\t\t\t\t\t<\/div>\n\t\t\t\t<\/div>\n\t\t\t\t\t\t<\/div>\n\t\t\t\t\t<\/div>\n\t\t<\/div>\n\t\t\t\t\t\t\t\t<\/div>\n\t\t\t\t\t<\/div>\n\t\t<\/section>\n\t\t\t\t<section class=\"elementor-section elementor-top-section elementor-element elementor-element-24fda7d elementor-section-boxed elementor-section-height-default elementor-section-height-default\" data-id=\"24fda7d\" data-element_type=\"section\">\n\t\t\t\t\t\t<div class=\"elementor-container elementor-column-gap-default\">\n\t\t\t\t\t\t\t<div class=\"elementor-row\">\n\t\t\t\t\t<div class=\"elementor-column elementor-col-100 elementor-top-column elementor-element elementor-element-3f4dc73\" data-id=\"3f4dc73\" data-element_type=\"column\">\n\t\t\t<div class=\"elementor-column-wrap elementor-element-populated\">\n\t\t\t\t\t\t\t<div class=\"elementor-widget-wrap\">\n\t\t\t\t\t\t<div class=\"elementor-element elementor-element-4f00453 elementor-widget elementor-widget-spacer\" data-id=\"4f00453\" data-element_type=\"widget\" data-widget_type=\"spacer.default\">\n\t\t\t\t<div class=\"elementor-widget-container\">\n\t\t\t\t\t<div class=\"elementor-spacer\">\n\t\t\t<div class=\"elementor-spacer-inner\"><\/div>\n\t\t<\/div>\n\t\t\t\t<\/div>\n\t\t\t\t<\/div>\n\t\t\t\t\t\t<\/div>\n\t\t\t\t\t<\/div>\n\t\t<\/div>\n\t\t\t\t\t\t\t\t<\/div>\n\t\t\t\t\t<\/div>\n\t\t<\/section>\n\t\t\t\t<section class=\"elementor-section elementor-top-section elementor-element elementor-element-cae99c0 elementor-section-boxed elementor-section-height-default elementor-section-height-default\" data-id=\"cae99c0\" data-element_type=\"section\">\n\t\t\t\t\t\t<div class=\"elementor-container elementor-column-gap-default\">\n\t\t\t\t\t\t\t<div class=\"elementor-row\">\n\t\t\t\t\t<div class=\"elementor-column elementor-col-100 elementor-top-column elementor-element elementor-element-9cee1ee\" data-id=\"9cee1ee\" data-element_type=\"column\">\n\t\t\t<div class=\"elementor-column-wrap elementor-element-populated\">\n\t\t\t\t\t\t\t<div class=\"elementor-widget-wrap\">\n\t\t\t\t\t\t<div class=\"elementor-element elementor-element-b546b1e tx-hd-align-center elementor-widget elementor-widget-avas-heading\" data-id=\"b546b1e\" data-element_type=\"widget\" data-widget_type=\"avas-heading.default\">\n\t\t\t\t<div class=\"elementor-widget-container\">\n\t\t\t        <div class=\"tx-hd-wrap\">\n\n            <div class=\"tx-hd-wm\"><\/div>\n            \n            <div class=\"tx-hd-sub\"><\/div>\n                        <h2 class=\"tx-hd-title\">\n                <span class=\"tx-hd-first-part\"><\/span>\n                <span class=\"tx-hd-last-part\"><\/span>\n            <\/h2>    \n            \n            <div class=\"tx-hd-desc\"><h1 style=\"text-align: center\"><strong><span style=\"color: #00ff00\">le champignon blanc<\/span><\/strong><\/h1><\/div>\n\n\n                   \n        <\/div><!-- tx-hd-wrap -->\n\n\n\n\n\n\n\n\n\t\t<\/div>\n\t\t\t\t<\/div>\n\t\t\t\t\t\t<\/div>\n\t\t\t\t\t<\/div>\n\t\t<\/div>\n\t\t\t\t\t\t\t\t<\/div>\n\t\t\t\t\t<\/div>\n\t\t<\/section>\n\t\t\t\t<section class=\"elementor-section elementor-top-section elementor-element elementor-element-be1b3f0 elementor-section-boxed elementor-section-height-default elementor-section-height-default\" data-id=\"be1b3f0\" data-element_type=\"section\">\n\t\t\t\t\t\t<div class=\"elementor-container elementor-column-gap-default\">\n\t\t\t\t\t\t\t<div class=\"elementor-row\">\n\t\t\t\t\t<div class=\"elementor-column elementor-col-33 elementor-top-column elementor-element elementor-element-dafa828\" data-id=\"dafa828\" data-element_type=\"column\">\n\t\t\t<div class=\"elementor-column-wrap elementor-element-populated\">\n\t\t\t\t\t\t\t<div class=\"elementor-widget-wrap\">\n\t\t\t\t\t\t<div class=\"elementor-element elementor-element-a0b6b6b elementor-widget elementor-widget-image\" data-id=\"a0b6b6b\" data-element_type=\"widget\" data-widget_type=\"image.default\">\n\t\t\t\t<div class=\"elementor-widget-container\">\n\t\t\t\t\t\t\t\t<div class=\"elementor-image\">\n\t\t\t\t\t\t\t\t\t\t\t\t<img loading=\"lazy\" decoding=\"async\" width=\"1000\" height=\"750\" src=\"https:\/\/iranianrayka.ir\/wp-content\/uploads\/2021\/04\/white-mushroom.jpeg\" class=\"attachment-large size-large\" alt=\"\" srcset=\"https:\/\/iranianrayka.ir\/wp-content\/uploads\/2021\/04\/white-mushroom.jpeg 1000w, https:\/\/iranianrayka.ir\/wp-content\/uploads\/2021\/04\/white-mushroom-300x225.jpeg 300w, https:\/\/iranianrayka.ir\/wp-content\/uploads\/2021\/04\/white-mushroom-768x576.jpeg 768w, https:\/\/iranianrayka.ir\/wp-content\/uploads\/2021\/04\/white-mushroom-100x75.jpeg 100w, https:\/\/iranianrayka.ir\/wp-content\/uploads\/2021\/04\/white-mushroom-80x60.jpeg 80w, https:\/\/iranianrayka.ir\/wp-content\/uploads\/2021\/04\/white-mushroom-620x465.jpeg 620w, https:\/\/iranianrayka.ir\/wp-content\/uploads\/2021\/04\/white-mushroom-460x345.jpeg 460w, https:\/\/iranianrayka.ir\/wp-content\/uploads\/2021\/04\/white-mushroom-365x274.jpeg 365w, https:\/\/iranianrayka.ir\/wp-content\/uploads\/2021\/04\/white-mushroom-600x450.jpeg 600w\" sizes=\"auto, (max-width: 1000px) 100vw, 1000px\" \/>\t\t\t\t\t\t\t\t\t\t\t\t\t\t<\/div>\n\t\t\t\t\t\t<\/div>\n\t\t\t\t<\/div>\n\t\t\t\t\t\t<\/div>\n\t\t\t\t\t<\/div>\n\t\t<\/div>\n\t\t\t\t<div class=\"elementor-column elementor-col-66 elementor-top-column elementor-element elementor-element-cc0699b\" data-id=\"cc0699b\" data-element_type=\"column\">\n\t\t\t<div class=\"elementor-column-wrap elementor-element-populated\">\n\t\t\t\t\t\t\t<div class=\"elementor-widget-wrap\">\n\t\t\t\t\t\t<div class=\"elementor-element elementor-element-6d63331 elementor-widget elementor-widget-text-editor\" data-id=\"6d63331\" data-element_type=\"widget\" data-widget_type=\"text-editor.default\">\n\t\t\t\t<div class=\"elementor-widget-container\">\n\t\t\t\t\t\t\t\t<div class=\"elementor-text-editor elementor-clearfix\">\n\t\t\t\t\t<h5 id=\"tw-target-text\" class=\"tw-data-text tw-text-large XcVN5d tw-ta\" dir=\"ltr\" data-placeholder=\"Translation\"><span class=\"Y2IQFc\" lang=\"fr\">Notre champignon blanc est riche en prot\u00e9ines, vitamines, min\u00e9raux, acides amin\u00e9s et antioxydants qui sont tr\u00e8s utiles pour stimuler le niveau d&#8217;immunit\u00e9 du corps.Nous proposons ces produits dans diff\u00e9rentes tailles et emballages souhait\u00e9s par les clients.<\/span><\/h5>\t\t\t\t\t<\/div>\n\t\t\t\t\t\t<\/div>\n\t\t\t\t<\/div>\n\t\t\t\t\t\t<\/div>\n\t\t\t\t\t<\/div>\n\t\t<\/div>\n\t\t\t\t\t\t\t\t<\/div>\n\t\t\t\t\t<\/div>\n\t\t<\/section>\n\t\t\t\t<section class=\"elementor-section elementor-top-section elementor-element elementor-element-81786d4 elementor-section-boxed elementor-section-height-default elementor-section-height-default\" data-id=\"81786d4\" data-element_type=\"section\">\n\t\t\t\t\t\t<div class=\"elementor-container elementor-column-gap-default\">\n\t\t\t\t\t\t\t<div class=\"elementor-row\">\n\t\t\t\t\t<div class=\"elementor-column elementor-col-100 elementor-top-column elementor-element elementor-element-b7d21c7\" data-id=\"b7d21c7\" data-element_type=\"column\">\n\t\t\t<div class=\"elementor-column-wrap elementor-element-populated\">\n\t\t\t\t\t\t\t<div class=\"elementor-widget-wrap\">\n\t\t\t\t\t\t<div class=\"elementor-element elementor-element-fe6a21b elementor-widget elementor-widget-spacer\" data-id=\"fe6a21b\" data-element_type=\"widget\" data-widget_type=\"spacer.default\">\n\t\t\t\t<div class=\"elementor-widget-container\">\n\t\t\t\t\t<div class=\"elementor-spacer\">\n\t\t\t<div class=\"elementor-spacer-inner\"><\/div>\n\t\t<\/div>\n\t\t\t\t<\/div>\n\t\t\t\t<\/div>\n\t\t\t\t\t\t<\/div>\n\t\t\t\t\t<\/div>\n\t\t<\/div>\n\t\t\t\t\t\t\t\t<\/div>\n\t\t\t\t\t<\/div>\n\t\t<\/section>\n\t\t\t\t<section class=\"elementor-section elementor-top-section elementor-element elementor-element-662995c elementor-section-boxed elementor-section-height-default elementor-section-height-default\" data-id=\"662995c\" data-element_type=\"section\">\n\t\t\t\t\t\t<div class=\"elementor-container elementor-column-gap-default\">\n\t\t\t\t\t\t\t<div class=\"elementor-row\">\n\t\t\t\t\t<div class=\"elementor-column elementor-col-100 elementor-top-column elementor-element elementor-element-6963cae\" data-id=\"6963cae\" data-element_type=\"column\">\n\t\t\t<div class=\"elementor-column-wrap elementor-element-populated\">\n\t\t\t\t\t\t\t<div class=\"elementor-widget-wrap\">\n\t\t\t\t\t\t<div class=\"elementor-element elementor-element-7c88f28 tx-hd-align-center elementor-widget elementor-widget-avas-heading\" data-id=\"7c88f28\" data-element_type=\"widget\" data-widget_type=\"avas-heading.default\">\n\t\t\t\t<div class=\"elementor-widget-container\">\n\t\t\t        <div class=\"tx-hd-wrap\">\n\n            <div class=\"tx-hd-wm\"><\/div>\n            \n            <div class=\"tx-hd-sub\"><\/div>\n                        <h2 class=\"tx-hd-title\">\n                <span class=\"tx-hd-first-part\"><\/span>\n                <span class=\"tx-hd-last-part\"><\/span>\n            <\/h2>    \n            \n            <div class=\"tx-hd-desc\"><h1 style=\"text-align: center\"><span style=\"color: #00ff00\">le champignon bio<\/span><\/h1><\/div>\n\n\n                   \n        <\/div><!-- tx-hd-wrap -->\n\n\n\n\n\n\n\n\n\t\t<\/div>\n\t\t\t\t<\/div>\n\t\t\t\t\t\t<\/div>\n\t\t\t\t\t<\/div>\n\t\t<\/div>\n\t\t\t\t\t\t\t\t<\/div>\n\t\t\t\t\t<\/div>\n\t\t<\/section>\n\t\t\t\t<section class=\"elementor-section elementor-top-section elementor-element elementor-element-c23ea06 elementor-section-boxed elementor-section-height-default elementor-section-height-default\" data-id=\"c23ea06\" data-element_type=\"section\">\n\t\t\t\t\t\t<div class=\"elementor-container elementor-column-gap-default\">\n\t\t\t\t\t\t\t<div class=\"elementor-row\">\n\t\t\t\t\t<div class=\"elementor-column elementor-col-66 elementor-top-column elementor-element elementor-element-804506d\" data-id=\"804506d\" data-element_type=\"column\">\n\t\t\t<div class=\"elementor-column-wrap elementor-element-populated\">\n\t\t\t\t\t\t\t<div class=\"elementor-widget-wrap\">\n\t\t\t\t\t\t<div class=\"elementor-element elementor-element-5254c9f elementor-widget elementor-widget-text-editor\" data-id=\"5254c9f\" data-element_type=\"widget\" data-widget_type=\"text-editor.default\">\n\t\t\t\t<div class=\"elementor-widget-container\">\n\t\t\t\t\t\t\t\t<div class=\"elementor-text-editor elementor-clearfix\">\n\t\t\t\t\t<h5 id=\"tw-target-text\" class=\"tw-data-text tw-text-large XcVN5d tw-ta\" dir=\"ltr\" data-placeholder=\"Translation\"><span class=\"Y2IQFc\" lang=\"fr\">L&#8217;utilisation de produits alimentaires biologiques augmente de jour en jour partout dans le monde ainsi qu&#8217;en Iran . \u00c0 cet \u00e9gard, Iranian Raika avec l&#8217;approche de la production de produits biologiques est pr\u00eat \u00e0 exploiter 5 nouvelles salles \u00e9quip\u00e9es des derniers \u00e9quipements de l&#8217;industrie des champignons. Dans nos halls enti\u00e8rement m\u00e9canis\u00e9s, le contr\u00f4le qualit\u00e9 des produits sera suivi \u00e0 chaque \u00e9tape de la production \u00e0 l&#8217;aide d&#8217;indicateurs d\u00e9finis. Ainsi, nos chers clients peuvent acheter nos champignons bio, frais, sains, de qualit\u00e9 et d\u00e9licieux en toute confiance.<\/span><\/h5>\t\t\t\t\t<\/div>\n\t\t\t\t\t\t<\/div>\n\t\t\t\t<\/div>\n\t\t\t\t\t\t<\/div>\n\t\t\t\t\t<\/div>\n\t\t<\/div>\n\t\t\t\t<div class=\"elementor-column elementor-col-33 elementor-top-column elementor-element elementor-element-954fd19\" data-id=\"954fd19\" data-element_type=\"column\">\n\t\t\t<div class=\"elementor-column-wrap elementor-element-populated\">\n\t\t\t\t\t\t\t<div class=\"elementor-widget-wrap\">\n\t\t\t\t\t\t<div class=\"elementor-element elementor-element-34b1f0b elementor-widget elementor-widget-image\" data-id=\"34b1f0b\" data-element_type=\"widget\" data-widget_type=\"image.default\">\n\t\t\t\t<div class=\"elementor-widget-container\">\n\t\t\t\t\t\t\t\t<div class=\"elementor-image\">\n\t\t\t\t\t\t\t\t\t\t\t\t<img loading=\"lazy\" decoding=\"async\" width=\"768\" height=\"508\" src=\"https:\/\/iranianrayka.ir\/wp-content\/uploads\/2021\/04\/WhatsApp-Image-2021-04-30-at-17.22.52.jpeg\" class=\"attachment-large size-large\" alt=\"\" srcset=\"https:\/\/iranianrayka.ir\/wp-content\/uploads\/2021\/04\/WhatsApp-Image-2021-04-30-at-17.22.52.jpeg 768w, https:\/\/iranianrayka.ir\/wp-content\/uploads\/2021\/04\/WhatsApp-Image-2021-04-30-at-17.22.52-300x198.jpeg 300w, https:\/\/iranianrayka.ir\/wp-content\/uploads\/2021\/04\/WhatsApp-Image-2021-04-30-at-17.22.52-150x100.jpeg 150w, https:\/\/iranianrayka.ir\/wp-content\/uploads\/2021\/04\/WhatsApp-Image-2021-04-30-at-17.22.52-80x53.jpeg 80w, https:\/\/iranianrayka.ir\/wp-content\/uploads\/2021\/04\/WhatsApp-Image-2021-04-30-at-17.22.52-620x410.jpeg 620w, https:\/\/iranianrayka.ir\/wp-content\/uploads\/2021\/04\/WhatsApp-Image-2021-04-30-at-17.22.52-460x304.jpeg 460w, https:\/\/iranianrayka.ir\/wp-content\/uploads\/2021\/04\/WhatsApp-Image-2021-04-30-at-17.22.52-365x241.jpeg 365w, https:\/\/iranianrayka.ir\/wp-content\/uploads\/2021\/04\/WhatsApp-Image-2021-04-30-at-17.22.52-600x397.jpeg 600w\" sizes=\"auto, (max-width: 768px) 100vw, 768px\" \/>\t\t\t\t\t\t\t\t\t\t\t\t\t\t<\/div>\n\t\t\t\t\t\t<\/div>\n\t\t\t\t<\/div>\n\t\t\t\t\t\t<\/div>\n\t\t\t\t\t<\/div>\n\t\t<\/div>\n\t\t\t\t\t\t\t\t<\/div>\n\t\t\t\t\t<\/div>\n\t\t<\/section>\n\t\t\t\t<section class=\"elementor-section elementor-top-section elementor-element elementor-element-a56129a elementor-section-boxed elementor-section-height-default elementor-section-height-default\" data-id=\"a56129a\" data-element_type=\"section\">\n\t\t\t\t\t\t<div class=\"elementor-container elementor-column-gap-default\">\n\t\t\t\t\t\t\t<div class=\"elementor-row\">\n\t\t\t\t\t<div class=\"elementor-column elementor-col-100 elementor-top-column elementor-element elementor-element-cedda5e\" data-id=\"cedda5e\" data-element_type=\"column\">\n\t\t\t<div class=\"elementor-column-wrap elementor-element-populated\">\n\t\t\t\t\t\t\t<div class=\"elementor-widget-wrap\">\n\t\t\t\t\t\t<div class=\"elementor-element elementor-element-443ebb1 elementor-widget elementor-widget-spacer\" data-id=\"443ebb1\" data-element_type=\"widget\" data-widget_type=\"spacer.default\">\n\t\t\t\t<div class=\"elementor-widget-container\">\n\t\t\t\t\t<div class=\"elementor-spacer\">\n\t\t\t<div class=\"elementor-spacer-inner\"><\/div>\n\t\t<\/div>\n\t\t\t\t<\/div>\n\t\t\t\t<\/div>\n\t\t\t\t\t\t<\/div>\n\t\t\t\t\t<\/div>\n\t\t<\/div>\n\t\t\t\t\t\t\t\t<\/div>\n\t\t\t\t\t<\/div>\n\t\t<\/section>\n\t\t\t\t<section class=\"elementor-section elementor-top-section elementor-element elementor-element-a537730 elementor-section-boxed elementor-section-height-default elementor-section-height-default\" data-id=\"a537730\" data-element_type=\"section\">\n\t\t\t\t\t\t<div class=\"elementor-container elementor-column-gap-default\">\n\t\t\t\t\t\t\t<div class=\"elementor-row\">\n\t\t\t\t\t<div class=\"elementor-column elementor-col-100 elementor-top-column elementor-element elementor-element-dbdde59\" data-id=\"dbdde59\" data-element_type=\"column\">\n\t\t\t<div class=\"elementor-column-wrap elementor-element-populated\">\n\t\t\t\t\t\t\t<div class=\"elementor-widget-wrap\">\n\t\t\t\t\t\t<div class=\"elementor-element elementor-element-c2f25b0 elementor-widget elementor-widget-heading\" data-id=\"c2f25b0\" data-element_type=\"widget\" data-widget_type=\"heading.default\">\n\t\t\t\t<div class=\"elementor-widget-container\">\n\t\t\t<h2 class=\"elementor-heading-title elementor-size-default\">le champignon tranch\u00e9<\/h2>\t\t<\/div>\n\t\t\t\t<\/div>\n\t\t\t\t\t\t<\/div>\n\t\t\t\t\t<\/div>\n\t\t<\/div>\n\t\t\t\t\t\t\t\t<\/div>\n\t\t\t\t\t<\/div>\n\t\t<\/section>\n\t\t\t\t<section class=\"elementor-section elementor-top-section elementor-element elementor-element-44b7e62 elementor-section-boxed elementor-section-height-default elementor-section-height-default\" data-id=\"44b7e62\" data-element_type=\"section\">\n\t\t\t\t\t\t<div class=\"elementor-container elementor-column-gap-default\">\n\t\t\t\t\t\t\t<div class=\"elementor-row\">\n\t\t\t\t\t<div class=\"elementor-column elementor-col-33 elementor-top-column elementor-element elementor-element-591f897\" data-id=\"591f897\" data-element_type=\"column\">\n\t\t\t<div class=\"elementor-column-wrap elementor-element-populated\">\n\t\t\t\t\t\t\t<div class=\"elementor-widget-wrap\">\n\t\t\t\t\t\t<div class=\"elementor-element elementor-element-1cfd2d5 elementor-widget elementor-widget-image\" data-id=\"1cfd2d5\" data-element_type=\"widget\" data-widget_type=\"image.default\">\n\t\t\t\t<div class=\"elementor-widget-container\">\n\t\t\t\t\t\t\t\t<div class=\"elementor-image\">\n\t\t\t\t\t\t\t\t\t\t\t\t<img loading=\"lazy\" decoding=\"async\" width=\"878\" height=\"585\" src=\"https:\/\/iranianrayka.ir\/wp-content\/uploads\/2021\/04\/WhatsApp-Image-2021-04-30-at-17.26.29.jpeg\" class=\"attachment-large size-large\" alt=\"\" srcset=\"https:\/\/iranianrayka.ir\/wp-content\/uploads\/2021\/04\/WhatsApp-Image-2021-04-30-at-17.26.29.jpeg 878w, https:\/\/iranianrayka.ir\/wp-content\/uploads\/2021\/04\/WhatsApp-Image-2021-04-30-at-17.26.29-300x200.jpeg 300w, https:\/\/iranianrayka.ir\/wp-content\/uploads\/2021\/04\/WhatsApp-Image-2021-04-30-at-17.26.29-768x512.jpeg 768w, https:\/\/iranianrayka.ir\/wp-content\/uploads\/2021\/04\/WhatsApp-Image-2021-04-30-at-17.26.29-150x100.jpeg 150w, https:\/\/iranianrayka.ir\/wp-content\/uploads\/2021\/04\/WhatsApp-Image-2021-04-30-at-17.26.29-80x53.jpeg 80w, https:\/\/iranianrayka.ir\/wp-content\/uploads\/2021\/04\/WhatsApp-Image-2021-04-30-at-17.26.29-620x413.jpeg 620w, https:\/\/iranianrayka.ir\/wp-content\/uploads\/2021\/04\/WhatsApp-Image-2021-04-30-at-17.26.29-460x306.jpeg 460w, https:\/\/iranianrayka.ir\/wp-content\/uploads\/2021\/04\/WhatsApp-Image-2021-04-30-at-17.26.29-365x243.jpeg 365w, https:\/\/iranianrayka.ir\/wp-content\/uploads\/2021\/04\/WhatsApp-Image-2021-04-30-at-17.26.29-600x400.jpeg 600w\" sizes=\"auto, (max-width: 878px) 100vw, 878px\" \/>\t\t\t\t\t\t\t\t\t\t\t\t\t\t<\/div>\n\t\t\t\t\t\t<\/div>\n\t\t\t\t<\/div>\n\t\t\t\t\t\t<\/div>\n\t\t\t\t\t<\/div>\n\t\t<\/div>\n\t\t\t\t<div class=\"elementor-column elementor-col-66 elementor-top-column elementor-element elementor-element-daf093b\" data-id=\"daf093b\" data-element_type=\"column\">\n\t\t\t<div class=\"elementor-column-wrap elementor-element-populated\">\n\t\t\t\t\t\t\t<div class=\"elementor-widget-wrap\">\n\t\t\t\t\t\t<div class=\"elementor-element elementor-element-0ea33ad elementor-widget elementor-widget-text-editor\" data-id=\"0ea33ad\" data-element_type=\"widget\" data-widget_type=\"text-editor.default\">\n\t\t\t\t<div class=\"elementor-widget-container\">\n\t\t\t\t\t\t\t\t<div class=\"elementor-text-editor elementor-clearfix\">\n\t\t\t\t\t<h5 id=\"tw-target-text\" class=\"tw-data-text tw-text-large XcVN5d tw-ta\" dir=\"ltr\" data-placeholder=\"Translation\"><span class=\"Y2IQFc\" lang=\"fr\">Les champignons tranch\u00e9s sont l&#8217;un de nos autres produits largement utilis\u00e9s dans l&#8217;industrie alimentaire, la restauration et m\u00eame \u00e0 la maison. Ce produit permet de gagner beaucoup de temps pour les clients. Ces champignons sont s\u00e9lectionn\u00e9s parmi les meilleurs types de champignons et des \u00e9quipements sp\u00e9ciaux, Hygi\u00e9niquement hach\u00e9 et emball\u00e9.<\/span><\/h5>\t\t\t\t\t<\/div>\n\t\t\t\t\t\t<\/div>\n\t\t\t\t<\/div>\n\t\t\t\t\t\t<\/div>\n\t\t\t\t\t<\/div>\n\t\t<\/div>\n\t\t\t\t\t\t\t\t<\/div>\n\t\t\t\t\t<\/div>\n\t\t<\/section>\n\t\t\t\t\t\t<\/div>\n\t\t\t\t\t\t<\/div>\n\t\t\t\t\t<\/div>\n\t\t","protected":false},"excerpt":{"rendered":"<p class=\"tx-excerpt\">Nous ne fabriquons que des produits bons pour vous et la plan\u00e8te. Nos champignons ont un bon go\u00fbt et des nutriments qui contribuent \u00e0 votre vitalit\u00e9 dans la vie et nous sommes s\u00fbrs<div class=\"tx-read-more\"><a href=\"https:\/\/iranianrayka.ir\/?page_id=970&#038;lang=fr\">\u0627\u062f\u0627\u0645\u0647 \u0645\u0637\u0644\u0628<\/a><\/div>","protected":false},"author":1,"featured_media":0,"parent":0,"menu_order":0,"comment_status":"closed","ping_status":"closed","template":"","meta":{"footnotes":""},"class_list":["post-970","page","type-page","status-publish","hentry"],"_links":{"self":[{"href":"https:\/\/iranianrayka.ir\/index.php?rest_route=\/wp\/v2\/pages\/970","targetHints":{"allow":["GET"]}}],"collection":[{"href":"https:\/\/iranianrayka.ir\/index.php?rest_route=\/wp\/v2\/pages"}],"about":[{"href":"https:\/\/iranianrayka.ir\/index.php?rest_route=\/wp\/v2\/types\/page"}],"author":[{"embeddable":true,"href":"https:\/\/iranianrayka.ir\/index.php?rest_route=\/wp\/v2\/users\/1"}],"replies":[{"embeddable":true,"href":"https:\/\/iranianrayka.ir\/index.php?rest_route=%2Fwp%2Fv2%2Fcomments&post=970"}],"version-history":[{"count":16,"href":"https:\/\/iranianrayka.ir\/index.php?rest_route=\/wp\/v2\/pages\/970\/revisions"}],"predecessor-version":[{"id":1092,"href":"https:\/\/iranianrayka.ir\/index.php?rest_route=\/wp\/v2\/pages\/970\/revisions\/1092"}],"wp:attachment":[{"href":"https:\/\/iranianrayka.ir\/index.php?rest_route=%2Fwp%2Fv2%2Fmedia&parent=970"}],"curies":[{"name":"wp","href":"https:\/\/api.w.org\/{rel}","templated":true}]}}